{"id":748,"date":"2017-06-07T15:56:23","date_gmt":"2017-06-07T15:56:23","guid":{"rendered":"http:\/\/www.venetabiskoteri.com\/?page_id=748"},"modified":"2019-01-25T07:13:54","modified_gmt":"2019-01-25T07:13:54","slug":"rreth-nesh","status":"publish","type":"page","link":"https:\/\/www.venetabiskoteri.com\/index.php\/rreth-nesh\/","title":{"rendered":"Rreth nesh"},"content":{"rendered":"<div class=\"wpb-content-wrapper\"><p>[vc_row][vc_column css=&#8221;.vc_custom_1546204795445{background-color: rgba(255,255,255,0.75) !important;*background-color: rgb(255,255,255) !important;}&#8221;][vc_custom_heading text=&#8221;Historiku &#8221; font_container=&#8221;tag:h2|font_size:40|text_align:center|color:%23751b0b&#8221; google_fonts=&#8221;font_family:PT%20Serif%3Aregular%2Citalic%2C700%2C700italic|font_style:700%20bold%20italic%3A700%3Aitalic&#8221; css_animation=&#8221;bounceInDown&#8221;][vc_column_text css=&#8221;.vc_custom_1548094119549{background-color: rgba(226,226,226,0.01) !important;*background-color: rgb(226,226,226) !important;}&#8221;]<span style=\"color: #000000;\">Veneta Biskoteri historin\u00eb e saj e fillon n\u00eb Gusht t\u00eb vitit 2006. Ajo nis pak koh\u00eb pas kthimit t\u00eb familjes time nga nj\u00eb periudh\u00eb e gjat\u00eb emigrimi ,n\u00eb shtetin fqinj t\u00eb Italis\u00eb. Edhe emri Veneta Biskoteri, \u00ebsht\u00eb nj\u00eb dedikim n\u00eb shenj\u00eb respekti dhe mir\u00ebnjohje p\u00ebr vitet e mikpritjes q\u00eb familja kaloi n\u00eb Itali. \u2026.Plot 12 vjet.<\/span><br \/>\n<span style=\"color: #000000;\">Historia jon\u00eb \u00ebsht\u00eb histori e pasionit p\u00ebr pun\u00ebn, tradit\u00ebn dhe p\u00ebr t\u00eb ren\u00eb. Ajo \u00ebsht\u00eb historia q\u00eb tregon se si nj\u00eb aktivitet i vog\u00ebl familjar \u00ebsht\u00eb sot nje z\u00ebdh\u00ebn\u00ebs i fuqish\u00ebm i Cil\u00ebsis\u00eb dhe Standartit p\u00ebr Biskoterin\u00eb jo vet\u00ebm n\u00eb tregun komb\u00ebtar.<\/span><\/p>\n<p><span style=\"color: #000000;\">Ambientet e p\u00ebrshtatura me mjaft profesionaliz\u00ebm n\u00eb sh\u00ebrbim t\u00eb nj\u00eb standarti bashk\u00ebkohor tregojn\u00eb edhe nj\u00eb her\u00eb pasionin dhe d\u00ebshiren p\u00ebr t\u00eb Mir\u00ebn dhe t\u00eb Bukur\u00ebn q\u00eb p\u00ebrb\u00ebjn\u00eb motorrin l\u00ebviz\u00ebs s\u00eb <strong>Veneta Biskoteri<\/strong>. Renditja e nj\u00eb teknologjie prodhimi q\u00eb mish\u00ebron tradit\u00ebn me t\u00eb ren\u00eb, p\u00ebrb\u00ebn at\u00eb q\u00eb sot quhet \u201c\u00c7el\u00ebsi i Suksesit\u201d p\u00ebr <strong>VENETA BISKOTERI<\/strong>.<\/span><\/p>\n<p>Sistemi i prodhimit garanton rrjedhshm\u00ebri dhe siguri t\u00eb plot\u00eb p\u00ebr produktet tona.\u00a0 Biskoteria me gam\u00ebn e saj bazohet profesionalisht n\u00eb cil\u00ebsin\u00eb e l\u00ebnd\u00ebve t\u00eb para dhe\u00a0<strong>kurimin e detajeve<\/strong>. \u00c7do recet\u00eb p\u00ebrb\u00ebn nj\u00eb sfid\u00eb profesionale p\u00ebr laboratorin e Veneta Biskoteri.. Kujdesi p\u00ebr nj\u00eb ekuilib\u00ebr midis shijes dhe t\u00eb ushqyerit ka zhvilluar produkte pa yndyrna shtazore dhe pa konservant\u00eb kimik\u2026\u00c7do kategori e biskoteris\u00eb n\u00eb katalog p\u00ebrmban n\u00eb t\u00eb nj\u00eb impenjim serioz dhe mjaft mund per t`u realizuar.<\/p>\n<p>&nbsp;<\/p>\n<p><strong><em>I dashur Klient<\/em><\/strong>, misioni dhe vizioni yn\u00eb tashm\u00eb \u00ebsht\u00eb i konsoliduar. P\u00ebrkushtimi serioz p\u00ebr zgjedhje\u00a0<strong>produktesh dhe paketime t<\/strong><strong>\u00eb<\/strong><strong> sh\u00ebndetshme\u00a0<\/strong>p\u00ebrb\u00ebn edhe filozofin\u00eb ton\u00eb t\u00eb pun\u00ebs. Ndaj dhe d\u00ebshiroj t\u00eb falenderoj me shum\u00eb respekt t\u00eb gjith\u00eb <strong>Ju<\/strong> q\u00eb keni dh\u00ebn\u00eb miratimin Tuaj p\u00ebr produktet tona si edhe t\u00eb gjith\u00eb grupit t\u00eb bashk\u00ebpun\u00ebtor\u00ebve t\u00eb mi q\u00eb keni b\u00ebr\u00eb t\u00eb mundur k\u00ebt\u00eb realitet t\u00eb quajtur\u00a0<strong>VENETA BISKOTERI.<\/strong>[\/vc_column_text][\/vc_column][\/vc_row][vc_row][vc_column width=&#8221;1\/2&#8243;][vc_media_grid element_width=&#8221;6&#8243; grid_id=&#8221;vc_gid:1548093748081-e3b520c5-c0a4-6&#8243; include=&#8221;770,772,768,773&#8243;][vc_empty_space height=&#8221;35px&#8221;][\/vc_column][vc_column width=&#8221;1\/2&#8243;][vc_media_grid element_width=&#8221;6&#8243; grid_id=&#8221;vc_gid:1548093748083-5546635d-30f0-8&#8243; include=&#8221;771,776,775,769&#8243;][\/vc_column][\/vc_row]<\/p>\n<\/div>","protected":false},"excerpt":{"rendered":"<p>[vc_row][vc_column css=&#8221;.vc_custom_1546204795445{background-color: rgba(255,255,255,0.75) !important;*background-color: rgb(255,255,255) !important;}&#8221;][vc_custom_heading text=&#8221;Historiku &#8221; font_container=&#8221;tag:h2|font_size:40|text_align:center|color:%23751b0b&#8221; google_fonts=&#8221;font_family:PT%20Serif%3Aregular%2Citalic%2C700%2C700italic|font_style:700%20bold%20italic%3A700%3Aitalic&#8221; css_animation=&#8221;bounceInDown&#8221;][vc_column_text css=&#8221;.vc_custom_1548094119549{background-color: rgba(226,226,226,0.01) !important;*background-color: rgb(226,226,226) !important;}&#8221;]Veneta Biskoteri historin\u00eb e saj e fillon n\u00eb Gusht t\u00eb vitit 2006. Ajo nis pak koh\u00eb pas kthimit t\u00eb familjes time nga nj\u00eb periudh\u00eb e gjat\u00eb emigrimi ,n\u00eb shtetin fqinj t\u00eb Italis\u00eb. Edhe emri Veneta Biskoteri, \u00ebsht\u00eb nj\u00eb dedikim n\u00eb&hellip;<\/p>\n","protected":false},"author":2,"featured_media":0,"parent":0,"menu_order":0,"comment_status":"closed","ping_status":"closed","template":"","meta":{"footnotes":""},"class_list":["post-748","page","type-page","status-publish","hentry","description-off"],"_links":{"self":[{"href":"https:\/\/www.venetabiskoteri.com\/index.php\/wp-json\/wp\/v2\/pages\/748","targetHints":{"allow":["GET"]}}],"collection":[{"href":"https:\/\/www.venetabiskoteri.com\/index.php\/wp-json\/wp\/v2\/pages"}],"about":[{"href":"https:\/\/www.venetabiskoteri.com\/index.php\/wp-json\/wp\/v2\/types\/page"}],"author":[{"embeddable":true,"href":"https:\/\/www.venetabiskoteri.com\/index.php\/wp-json\/wp\/v2\/users\/2"}],"replies":[{"embeddable":true,"href":"https:\/\/www.venetabiskoteri.com\/index.php\/wp-json\/wp\/v2\/comments?post=748"}],"version-history":[{"count":35,"href":"https:\/\/www.venetabiskoteri.com\/index.php\/wp-json\/wp\/v2\/pages\/748\/revisions"}],"predecessor-version":[{"id":1214,"href":"https:\/\/www.venetabiskoteri.com\/index.php\/wp-json\/wp\/v2\/pages\/748\/revisions\/1214"}],"wp:attachment":[{"href":"https:\/\/www.venetabiskoteri.com\/index.php\/wp-json\/wp\/v2\/media?parent=748"}],"curies":[{"name":"wp","href":"https:\/\/api.w.org\/{rel}","templated":true}]}}