{"id":754,"date":"2017-06-07T16:09:18","date_gmt":"2017-06-07T16:09:18","guid":{"rendered":"http:\/\/www.venetabiskoteri.com\/?page_id=754"},"modified":"2024-10-31T09:28:32","modified_gmt":"2024-10-31T09:28:32","slug":"kontakt","status":"publish","type":"page","link":"https:\/\/www.venetabiskoteri.com\/index.php\/kontakt\/","title":{"rendered":"Kontakt"},"content":{"rendered":"<div class=\"wpb-content-wrapper\"><p>[vc_row type=&#8221;vc_default&#8221; full_width=&#8221;stretch_row_content_no_spaces&#8221; css=&#8221;.vc_custom_1496851190369{margin-top: -70px !important;}&#8221;][vc_column][vc_gmaps link=&#8221;#E-8_JTNDaWZyYW1lJTIwc3JjJTNEJTIyaHR0cHMlM0ElMkYlMkZ3d3cuZ29vZ2xlLmNvbSUyRm1hcHMlMkZlbWJlZCUzRnBiJTNEJTIxMW0xOCUyMTFtMTIlMjExbTMlMjExZDI5OTUuNzE1NzMzMTY4ODg3JTIxMmQxOS41MTkxMTA5MTQ5ODUxMTclMjEzZDQxLjMzNjc5NDM3OTI2ODg0JTIxMm0zJTIxMWYwJTIxMmYwJTIxM2YwJTIxM20yJTIxMWkxMDI0JTIxMmk3NjglMjE0ZjEzLjElMjEzbTMlMjExbTIlMjExczB4MTM0ZmQ3ODFmZjc4ZjFmNyUyNTNBMHhiZTA2N2RmY2M2NTk4NGI5JTIxMnNWZW5ldGElMkJCaXNrb3RlcmklMjE1ZTAlMjEzbTIlMjExc2VuJTIxMnMlMjE0djE0OTY3NjI0NjE2MDAlMjIlMjB3aWR0aCUzRCUyMjE0NTAlMjIlMjBoZWlnaHQlM0QlMjI2MDAlMjIlMjBmcmFtZWJvcmRlciUzRCUyMjAlMjIlMjBzdHlsZSUzRCUyMmJvcmRlciUzQTAlMjIlMjBhbGxvd2Z1bGxzY3JlZW4lM0UlM0MlMkZpZnJhbWUlM0U=&#8221; size=&#8221;350px&#8221;][\/vc_column][\/vc_row][vc_row][vc_column width=&#8221;1\/2&#8243;][vc_custom_heading text=&#8221;P\u00ebr m\u00eb tep\u00ebr informacion&#8221; font_container=&#8221;tag:h2|font_size:40px|text_align:center|color:%239f424e|line_height:44px&#8221; google_fonts=&#8221;font_family:Lobster%3Aregular|font_style:400%20regular%3A400%3Anormal&#8221;]<form class=\"dt-contact-form dt-form\" method=\"post\"><input type=\"hidden\" name=\"widget_id\" value=\"presscore-contact-form-widget--1\" \/><input type=\"hidden\" name=\"send_message\" value=\"\" \/><input type=\"hidden\" name=\"security_token\" value=\"\"\/><div class=\"form-fields\"><span class=\"form-name\"><label class=\"assistive-text\">Name *<\/label><input type=\"text\" class=\"validate[required]\" placeholder=\"Name *\" name=\"name\" value=\"\" aria-required=\"true\">\n<\/span><span class=\"form-mail\"><label class=\"assistive-text\">E-mail *<\/label><input type=\"text\" class=\"validate[required,custom[email]]\" placeholder=\"E-mail *\" name=\"email\" value=\"\" aria-required=\"true\">\n<\/span><span class=\"form-telephone\"><label class=\"assistive-text\">Telephone<\/label><input type=\"text\" placeholder=\"Telephone\" name=\"telephone\" value=\"\" aria-required=\"false\">\n<\/span><\/div><span class=\"form-message\"><label class=\"assistive-text\">Message *<\/label><textarea class=\"validate[required]\" placeholder=\"Message *\" name=\"message\" rows=\"6\" aria-required=\"true\"><\/textarea>\n<\/span><p><a href=\"#\" class=\"dt-btn dt-btn-m dt-btn-submit\" rel=\"nofollow\"><span>D\u00ebrgo mesazhin<\/span><\/a><input class=\"assistive-text\" type=\"submit\" value=\"submit\"><\/p><\/form>\n[\/vc_column][vc_column width=&#8221;1\/2&#8243;][vc_empty_space height=&#8221;52px&#8221;]<div class=\"aio-icon-component    style_1\"><div id=\"Info-box-wrap-5056\" class=\"aio-icon-box left-icon\" style=\"\"  ><div class=\"aio-icon-left\"><div class=\"ult-just-icon-wrapper  \"><div class=\"align-icon\" style=\"text-align:center;\">\n<div class=\"aio-icon advanced \" data-animation=\"fadeInDown\" data-animation-delay=\"03\" style=\"color:#000000;background:#ffffff;border-style:solid;border-color:#af2526;border-width:2px;width:40px;height:40px;line-height:40px;border-radius:500px;font-size:22px;display:inline-block;\">\n\t<i class=\"Defaults-location-arrow\"><\/i>\n<\/div><\/div><\/div><\/div><div class=\"aio-ibd-block\"><div class=\"aio-icon-description ult-responsive\"  data-ultimate-target='#Info-box-wrap-5056 .aio-icon-description'  data-responsive-json-new='{\"font-size\":\"\",\"line-height\":\"\"}'  style=\"\"><span style=\"color: #f5f5f5;\"><strong><span style=\"font-size: 17px;\">Veneta Biskoteri<br \/>\nAdresa:<\/span><span style=\"font-size: 17px;\">\u00a0<\/span><span style=\"font-size: 17px;\">Rruga Veneta,1<br \/>\n<\/span><span style=\"font-size: 16px;\">ZIP 2019 , St.Xhafzotaj<br \/>\nDurr\u00ebs<br \/>\nALBANIA<\/span><\/strong><\/span><\/div> <!-- description --><\/div> <!-- aio-ibd-block --><\/div> <!-- aio-icon-box --><\/div> <!-- aio-icon-component --><div class=\"aio-icon-component    style_1\"><div id=\"Info-box-wrap-1672\" class=\"aio-icon-box left-icon\" style=\"\"  ><div class=\"aio-icon-left\"><div class=\"ult-just-icon-wrapper  \"><div class=\"align-icon\" style=\"text-align:center;\">\n<div class=\"aio-icon advanced \" data-animation=\"fadeInDown\" data-animation-delay=\"03\" style=\"color:#000000;background:#ffffff;border-style:solid;border-color:#af2526;border-width:2px;width:40px;height:40px;line-height:40px;border-radius:500px;font-size:22px;display:inline-block;\">\n\t<i class=\"Defaults-phone\"><\/i>\n<\/div><\/div><\/div><\/div><div class=\"aio-ibd-block\"><div class=\"aio-icon-description ult-responsive\"  data-ultimate-target='#Info-box-wrap-1672 .aio-icon-description'  data-responsive-json-new='{\"font-size\":\"\",\"line-height\":\"\"}'  style=\"\"><span style=\"color: #ffffff;\"><strong><span style=\"font-size: 17px;\">Tel:\u00a0<span style=\"font-size: 16px;\">\u00a0<a style=\"color: #ffffff;\" href=\"tel:+355672062121\"><span style=\"text-decoration: underline;\">+355\u00a067 20 62 121<\/span><\/a><\/span>\u00a0<\/span><span style=\"font-size: 16px;\"><a style=\"color: #ffffff;\" href=\"tel: +355674346171\"><br \/>\n<\/a>Tel2: <a style=\"color: #ffffff;\" href=\"tel:+355692092743\"><span style=\"text-decoration: underline;\">+355 69 20 92 743<\/span><\/a><\/span><\/strong><\/span><\/div> <!-- description --><\/div> <!-- aio-ibd-block --><\/div> <!-- aio-icon-box --><\/div> <!-- aio-icon-component --><div class=\"aio-icon-component    style_1\"><div id=\"Info-box-wrap-3467\" class=\"aio-icon-box left-icon\" style=\"\"  ><div class=\"aio-icon-left\"><div class=\"ult-just-icon-wrapper  \"><div class=\"align-icon\" style=\"text-align:center;\">\n<div class=\"aio-icon advanced \" data-animation=\"fadeInDown\" data-animation-delay=\"03\" style=\"color:#0c0202;background:#ffffff;border-style:solid;border-color:#af2526;border-width:2px;width:40px;height:40px;line-height:40px;border-radius:500px;font-size:22px;display:inline-block;\">\n\t<i class=\"Defaults-envelope\"><\/i>\n<\/div><\/div><\/div><\/div><div class=\"aio-ibd-block\"><div class=\"aio-icon-description ult-responsive\"  data-ultimate-target='#Info-box-wrap-3467 .aio-icon-description'  data-responsive-json-new='{\"font-size\":\"\",\"line-height\":\"\"}'  style=\"\"><span style=\"color: #000000;\"><strong><span style=\"font-size: 17px; color: #ffffff;\">E-mail:\u00a0<\/span><span style=\"font-size: 17px;\"><span style=\"color: #ffffff;\"><u>info@venetabiskoteri.com<br \/>\n<\/u><\/div> <!-- description --><\/div> <!-- aio-ibd-block --><\/div> <!-- aio-icon-box --><\/div> <!-- aio-icon-component -->[\/vc_column][\/vc_row]<\/span><\/span><\/strong><\/span><\/p>\n<\/div>","protected":false},"excerpt":{"rendered":"<p>[vc_row type=&#8221;vc_default&#8221; full_width=&#8221;stretch_row_content_no_spaces&#8221; css=&#8221;.vc_custom_1496851190369{margin-top: -70px !important;}&#8221;][vc_column][vc_gmaps link=&#8221;#E-8_JTNDaWZyYW1lJTIwc3JjJTNEJTIyaHR0cHMlM0ElMkYlMkZ3d3cuZ29vZ2xlLmNvbSUyRm1hcHMlMkZlbWJlZCUzRnBiJTNEJTIxMW0xOCUyMTFtMTIlMjExbTMlMjExZDI5OTUuNzE1NzMzMTY4ODg3JTIxMmQxOS41MTkxMTA5MTQ5ODUxMTclMjEzZDQxLjMzNjc5NDM3OTI2ODg0JTIxMm0zJTIxMWYwJTIxMmYwJTIxM2YwJTIxM20yJTIxMWkxMDI0JTIxMmk3NjglMjE0ZjEzLjElMjEzbTMlMjExbTIlMjExczB4MTM0ZmQ3ODFmZjc4ZjFmNyUyNTNBMHhiZTA2N2RmY2M2NTk4NGI5JTIxMnNWZW5ldGElMkJCaXNrb3RlcmklMjE1ZTAlMjEzbTIlMjExc2VuJTIxMnMlMjE0djE0OTY3NjI0NjE2MDAlMjIlMjB3aWR0aCUzRCUyMjE0NTAlMjIlMjBoZWlnaHQlM0QlMjI2MDAlMjIlMjBmcmFtZWJvcmRlciUzRCUyMjAlMjIlMjBzdHlsZSUzRCUyMmJvcmRlciUzQTAlMjIlMjBhbGxvd2Z1bGxzY3JlZW4lM0UlM0MlMkZpZnJhbWUlM0U=&#8221; size=&#8221;350px&#8221;][\/vc_column][\/vc_row][vc_row][vc_column width=&#8221;1\/2&#8243;][vc_custom_heading text=&#8221;P\u00ebr m\u00eb tep\u00ebr informacion&#8221; font_container=&#8221;tag:h2|font_size:40px|text_align:center|color:%239f424e|line_height:44px&#8221; google_fonts=&#8221;font_family:Lobster%3Aregular|font_style:400%20regular%3A400%3Anormal&#8221;][\/vc_column][vc_column width=&#8221;1\/2&#8243;][vc_empty_space height=&#8221;52px&#8221;][\/vc_column][\/vc_row]<\/p>\n","protected":false},"author":2,"featured_media":0,"parent":0,"menu_order":0,"comment_status":"closed","ping_status":"closed","template":"","meta":{"footnotes":""},"class_list":["post-754","page","type-page","status-publish","hentry","description-off"],"_links":{"self":[{"href":"https:\/\/www.venetabiskoteri.com\/index.php\/wp-json\/wp\/v2\/pages\/754","targetHints":{"allow":["GET"]}}],"collection":[{"href":"https:\/\/www.venetabiskoteri.com\/index.php\/wp-json\/wp\/v2\/pages"}],"about":[{"href":"https:\/\/www.venetabiskoteri.com\/index.php\/wp-json\/wp\/v2\/types\/page"}],"author":[{"embeddable":true,"href":"https:\/\/www.venetabiskoteri.com\/index.php\/wp-json\/wp\/v2\/users\/2"}],"replies":[{"embeddable":true,"href":"https:\/\/www.venetabiskoteri.com\/index.php\/wp-json\/wp\/v2\/comments?post=754"}],"version-history":[{"count":42,"href":"https:\/\/www.venetabiskoteri.com\/index.php\/wp-json\/wp\/v2\/pages\/754\/revisions"}],"predecessor-version":[{"id":1367,"href":"https:\/\/www.venetabiskoteri.com\/index.php\/wp-json\/wp\/v2\/pages\/754\/revisions\/1367"}],"wp:attachment":[{"href":"https:\/\/www.venetabiskoteri.com\/index.php\/wp-json\/wp\/v2\/media?parent=754"}],"curies":[{"name":"wp","href":"https:\/\/api.w.org\/{rel}","templated":true}]}}