{"id":808,"date":"2017-06-07T18:19:16","date_gmt":"2017-06-07T18:19:16","guid":{"rendered":"http:\/\/www.venetabiskoteri.com\/?page_id=808"},"modified":"2018-12-29T18:40:45","modified_gmt":"2018-12-29T18:40:45","slug":"te-rejat-2","status":"publish","type":"page","link":"https:\/\/www.venetabiskoteri.com\/index.php\/te-rejat-2\/","title":{"rendered":"T\u00eb rejat"},"content":{"rendered":"<div class=\"wpb-content-wrapper\"><p>[vc_row type=&#8221;vc_default&#8221; css=&#8221;.vc_custom_1496860742957{margin-top: -50px !important;background-color: #eaeaea !important;}&#8221;][vc_column width=&#8221;1\/3&#8243;][vc_single_image image=&#8221;811&#8243; img_size=&#8221;full&#8221; alignment=&#8221;center&#8221; style=&#8221;vc_box_outline&#8221; border_color=&#8221;sandy_brown&#8221;][\/vc_column][vc_column width=&#8221;2\/3&#8243;][vc_column_text]<\/p>\n<h2 class=\"fancy-title entry-title h2-size start-animation-done start-animation\">&#8220;Veneta Biskoteri&#8221; prezanton website-in e saj m\u00eb t\u00eb ri !<\/h2>\n<p><span style=\"color: #000000;\">Veneta Biskoteri\u201d tashme prezanton website-in e saj personal duke reklamuar n\u00eb k\u00ebt\u00eb m\u00ebnyr\u00eb t\u00eb gjitha produktet&#8230;<\/span>[\/vc_column_text]<a href=\"\/index.php\/2017\/06\/07\/veneta-biskoteri-prezanton-website-in-e-saj-me-te-ri\/\" class=\"btn-shortcode dt-btn-s dt-btn default-btn-color default-btn-hover-color default-btn-bg-color default-btn-bg-hover-color\" id=\"dt-btn-1\"><span>M\u00eb tep\u00ebr<\/span><\/a>[\/vc_column][\/vc_row][vc_row][vc_column][\/vc_column][\/vc_row][vc_row type=&#8221;vc_default&#8221; css=&#8221;.vc_custom_1496861821799{background-color: #eaeaea !important;}&#8221;][vc_column width=&#8221;1\/3&#8243;][vc_single_image image=&#8221;819&#8243; img_size=&#8221;full&#8221; alignment=&#8221;center&#8221; style=&#8221;vc_box_outline&#8221; border_color=&#8221;sandy_brown&#8221;][\/vc_column][vc_column width=&#8221;2\/3&#8243;][vc_column_text]<\/p>\n<h2 class=\"fancy-title entry-title h2-size start-animation-done start-animation\">Krostate &#8211; produkti m\u00eb i ri i hedhur n\u00eb treg<\/h2>\n<p><span style=\"color: #000000;\">Produkti me i ri i hedhur ne treg nga \u201cVeneta Biskoteri\u201d, krahas shumellojsherise se produkteve qe ajo tregton, eshte edhe krostata&#8230;<\/span>[\/vc_column_text]<a href=\"http:\/\/www.venetabiskoteri.com\/index.php\/2017\/06\/07\/krostate-produkti-me-i-ri-i-hedhur-ne-treg\/\" class=\"btn-shortcode dt-btn-s dt-btn default-btn-color default-btn-hover-color default-btn-bg-color default-btn-bg-hover-color\" id=\"dt-btn-2\"><span>M\u00eb tep\u00ebr<\/span><\/a>[\/vc_column][\/vc_row]<\/p>\n<\/div>","protected":false},"excerpt":{"rendered":"<p>[vc_row type=&#8221;vc_default&#8221; css=&#8221;.vc_custom_1496860742957{margin-top: -50px !important;background-color: #eaeaea !important;}&#8221;][vc_column width=&#8221;1\/3&#8243;][vc_single_image image=&#8221;811&#8243; img_size=&#8221;full&#8221; alignment=&#8221;center&#8221; style=&#8221;vc_box_outline&#8221; border_color=&#8221;sandy_brown&#8221;][\/vc_column][vc_column width=&#8221;2\/3&#8243;][vc_column_text] &#8220;Veneta Biskoteri&#8221; prezanton website-in e saj m\u00eb t\u00eb ri ! Veneta Biskoteri\u201d tashme prezanton website-in e saj personal duke reklamuar n\u00eb k\u00ebt\u00eb m\u00ebnyr\u00eb t\u00eb gjitha produktet&#8230;[\/vc_column_text][\/vc_column][\/vc_row][vc_row][vc_column][\/vc_column][\/vc_row][vc_row type=&#8221;vc_default&#8221; css=&#8221;.vc_custom_1496861821799{background-color: #eaeaea !important;}&#8221;][vc_column width=&#8221;1\/3&#8243;][vc_single_image image=&#8221;819&#8243; img_size=&#8221;full&#8221; alignment=&#8221;center&#8221; style=&#8221;vc_box_outline&#8221; border_color=&#8221;sandy_brown&#8221;][\/vc_column][vc_column width=&#8221;2\/3&#8243;][vc_column_text] Krostate &#8211; produkti m\u00eb&hellip;<\/p>\n","protected":false},"author":2,"featured_media":0,"parent":0,"menu_order":0,"comment_status":"closed","ping_status":"closed","template":"","meta":{"footnotes":""},"class_list":["post-808","page","type-page","status-publish","hentry","description-off"],"_links":{"self":[{"href":"https:\/\/www.venetabiskoteri.com\/index.php\/wp-json\/wp\/v2\/pages\/808","targetHints":{"allow":["GET"]}}],"collection":[{"href":"https:\/\/www.venetabiskoteri.com\/index.php\/wp-json\/wp\/v2\/pages"}],"about":[{"href":"https:\/\/www.venetabiskoteri.com\/index.php\/wp-json\/wp\/v2\/types\/page"}],"author":[{"embeddable":true,"href":"https:\/\/www.venetabiskoteri.com\/index.php\/wp-json\/wp\/v2\/users\/2"}],"replies":[{"embeddable":true,"href":"https:\/\/www.venetabiskoteri.com\/index.php\/wp-json\/wp\/v2\/comments?post=808"}],"version-history":[{"count":6,"href":"https:\/\/www.venetabiskoteri.com\/index.php\/wp-json\/wp\/v2\/pages\/808\/revisions"}],"predecessor-version":[{"id":1003,"href":"https:\/\/www.venetabiskoteri.com\/index.php\/wp-json\/wp\/v2\/pages\/808\/revisions\/1003"}],"wp:attachment":[{"href":"https:\/\/www.venetabiskoteri.com\/index.php\/wp-json\/wp\/v2\/media?parent=808"}],"curies":[{"name":"wp","href":"https:\/\/api.w.org\/{rel}","templated":true}]}}