{"id":737,"date":"2017-06-07T15:39:58","date_gmt":"2017-06-07T15:39:58","guid":{"rendered":"http:\/\/www.venetabiskoteri.com\/?post_type=product&#038;p=737"},"modified":"2019-02-01T12:43:20","modified_gmt":"2019-02-01T12:43:20","slug":"biskota-ne-qese-gjysem-hene-me-karamel","status":"publish","type":"product","link":"https:\/\/www.venetabiskoteri.com\/index.php\/produkt\/biskota-ne-qese-gjysem-hene-me-karamel\/","title":{"rendered":"Biskota n\u00eb qese &#8211; Gjys\u00ebm h\u00ebne me karamel"},"content":{"rendered":"","protected":false},"excerpt":{"rendered":"<p><img loading=\"lazy\" decoding=\"async\" class=\"alignnone wp-image-1215 size-full\" src=\"https:\/\/www.venetabiskoteri.com\/wp-content\/uploads\/2018\/12\/produktet-text5.png\" width=\"834\" height=\"700\" srcset=\"https:\/\/www.venetabiskoteri.com\/wp-content\/uploads\/2018\/12\/produktet-text5.png 834w, https:\/\/www.venetabiskoteri.com\/wp-content\/uploads\/2018\/12\/produktet-text5-300x252.png 300w, https:\/\/www.venetabiskoteri.com\/wp-content\/uploads\/2018\/12\/produktet-text5-768x645.png 768w\" sizes=\"auto, (max-width: 834px) 100vw, 834px\" \/><\/p>\n","protected":false},"featured_media":1128,"comment_status":"closed","ping_status":"closed","template":"","meta":[],"product_brand":[],"product_cat":[30],"product_tag":[],"class_list":{"0":"post-737","1":"product","2":"type-product","3":"status-publish","4":"has-post-thumbnail","6":"product_cat-biskota-ne-qese","7":"description-off","9":"first","10":"instock","11":"shipping-taxable","12":"purchasable","13":"product-type-simple"},"_links":{"self":[{"href":"https:\/\/www.venetabiskoteri.com\/index.php\/wp-json\/wp\/v2\/product\/737","targetHints":{"allow":["GET"]}}],"collection":[{"href":"https:\/\/www.venetabiskoteri.com\/index.php\/wp-json\/wp\/v2\/product"}],"about":[{"href":"https:\/\/www.venetabiskoteri.com\/index.php\/wp-json\/wp\/v2\/types\/product"}],"replies":[{"embeddable":true,"href":"https:\/\/www.venetabiskoteri.com\/index.php\/wp-json\/wp\/v2\/comments?post=737"}],"wp:featuredmedia":[{"embeddable":true,"href":"https:\/\/www.venetabiskoteri.com\/index.php\/wp-json\/wp\/v2\/media\/1128"}],"wp:attachment":[{"href":"https:\/\/www.venetabiskoteri.com\/index.php\/wp-json\/wp\/v2\/media?parent=737"}],"wp:term":[{"taxonomy":"product_brand","embeddable":true,"href":"https:\/\/www.venetabiskoteri.com\/index.php\/wp-json\/wp\/v2\/product_brand?post=737"},{"taxonomy":"product_cat","embeddable":true,"href":"https:\/\/www.venetabiskoteri.com\/index.php\/wp-json\/wp\/v2\/product_cat?post=737"},{"taxonomy":"product_tag","embeddable":true,"href":"https:\/\/www.venetabiskoteri.com\/index.php\/wp-json\/wp\/v2\/product_tag?post=737"}],"curies":[{"name":"wp","href":"https:\/\/api.w.org\/{rel}","templated":true}]}}