{"id":739,"date":"2017-06-07T15:44:33","date_gmt":"2017-06-07T15:44:33","guid":{"rendered":"http:\/\/www.venetabiskoteri.com\/?post_type=product&#038;p=739"},"modified":"2019-02-01T12:43:09","modified_gmt":"2019-02-01T12:43:09","slug":"biskota-ne-qese-pike-loti-me-krem-qumeshti","status":"publish","type":"product","link":"https:\/\/www.venetabiskoteri.com\/index.php\/produkt\/biskota-ne-qese-pike-loti-me-krem-qumeshti\/","title":{"rendered":"Biskota n\u00eb qese &#8211; Pik\u00eb loti me krem qum\u00ebshti"},"content":{"rendered":"","protected":false},"excerpt":{"rendered":"<p><img loading=\"lazy\" decoding=\"async\" class=\"alignnone wp-image-1215 size-full\" src=\"https:\/\/www.venetabiskoteri.com\/wp-content\/uploads\/2018\/12\/produktet-text5.png\" width=\"834\" height=\"700\" srcset=\"https:\/\/www.venetabiskoteri.com\/wp-content\/uploads\/2018\/12\/produktet-text5.png 834w, https:\/\/www.venetabiskoteri.com\/wp-content\/uploads\/2018\/12\/produktet-text5-300x252.png 300w, https:\/\/www.venetabiskoteri.com\/wp-content\/uploads\/2018\/12\/produktet-text5-768x645.png 768w\" sizes=\"auto, (max-width: 834px) 100vw, 834px\" \/><\/p>\n","protected":false},"featured_media":1129,"comment_status":"closed","ping_status":"closed","template":"","meta":[],"product_brand":[],"product_cat":[30],"product_tag":[],"class_list":{"0":"post-739","1":"product","2":"type-product","3":"status-publish","4":"has-post-thumbnail","6":"product_cat-biskota-ne-qese","7":"description-off","9":"first","10":"instock","11":"shipping-taxable","12":"purchasable","13":"product-type-simple"},"_links":{"self":[{"href":"https:\/\/www.venetabiskoteri.com\/index.php\/wp-json\/wp\/v2\/product\/739","targetHints":{"allow":["GET"]}}],"collection":[{"href":"https:\/\/www.venetabiskoteri.com\/index.php\/wp-json\/wp\/v2\/product"}],"about":[{"href":"https:\/\/www.venetabiskoteri.com\/index.php\/wp-json\/wp\/v2\/types\/product"}],"replies":[{"embeddable":true,"href":"https:\/\/www.venetabiskoteri.com\/index.php\/wp-json\/wp\/v2\/comments?post=739"}],"wp:featuredmedia":[{"embeddable":true,"href":"https:\/\/www.venetabiskoteri.com\/index.php\/wp-json\/wp\/v2\/media\/1129"}],"wp:attachment":[{"href":"https:\/\/www.venetabiskoteri.com\/index.php\/wp-json\/wp\/v2\/media?parent=739"}],"wp:term":[{"taxonomy":"product_brand","embeddable":true,"href":"https:\/\/www.venetabiskoteri.com\/index.php\/wp-json\/wp\/v2\/product_brand?post=739"},{"taxonomy":"product_cat","embeddable":true,"href":"https:\/\/www.venetabiskoteri.com\/index.php\/wp-json\/wp\/v2\/product_cat?post=739"},{"taxonomy":"product_tag","embeddable":true,"href":"https:\/\/www.venetabiskoteri.com\/index.php\/wp-json\/wp\/v2\/product_tag?post=739"}],"curies":[{"name":"wp","href":"https:\/\/api.w.org\/{rel}","templated":true}]}}